{"id":1552,"date":"2020-01-07T06:59:35","date_gmt":"2020-01-07T06:59:35","guid":{"rendered":"https:\/\/www.demoapus-wp1.com\/findus\/?page_id=60"},"modified":"2020-01-07T06:59:35","modified_gmt":"2020-01-07T06:59:35","slug":"pricing","status":"publish","type":"page","link":"https:\/\/cercademi.eu\/negocios\/pricing\/","title":{"rendered":"Pricing"},"content":{"rendered":"\t\t<div data-elementor-type=\"wp-page\" data-elementor-id=\"1552\" class=\"elementor elementor-1552\">\n\t\t\t\t\t\t<section class=\"elementor-section elementor-top-section elementor-element elementor-element-cab8ba7 elementor-section-stretched elementor-section-boxed elementor-section-height-default elementor-section-height-default\" data-id=\"cab8ba7\" data-element_type=\"section\" data-e-type=\"section\" data-settings=\"{&quot;stretch_section&quot;:&quot;section-stretched&quot;}\">\n\t\t\t\t\t\t<div class=\"elementor-container elementor-column-gap-extended\">\n\t\t\t\t\t<div class=\"elementor-column elementor-col-100 elementor-top-column elementor-element elementor-element-000c97a\" data-id=\"000c97a\" data-element_type=\"column\" data-e-type=\"column\">\n\t\t\t<div class=\"elementor-widget-wrap elementor-element-populated\">\n\t\t\t\t\t\t<div class=\"elementor-element elementor-element-f8b6caf elementor-widget elementor-widget-apus_listings_packages\" data-id=\"f8b6caf\" data-element_type=\"widget\" data-e-type=\"widget\" data-widget_type=\"apus_listings_packages.default\">\n\t\t\t\t<div class=\"elementor-widget-container\">\n\t\t\t\t\t        <div class=\"widget woocommerce widget-subwoo style-slick \">\n                            <div class=\"slick-carousel \" data-items=\"3\" data-smallmedium=\"2\" data-extrasmall=\"2\" data-smallest=\"1\" data-pagination=\"true\" data-nav=\"false\">\n                                            <div class=\"item\">\n                            <div class=\"subwoo-inner \">\n                                <div class=\"header-sub\">\n                                    <div class=\"inner-sub\">\n                                                                                    <div class=\"icon-wrapper\">\n                                                <span class=\"fa-gift\"><\/span>\n                                            <\/div>\n                                            \n                                        <h3 class=\"title\">Alta Gratuita<\/h3>\n                                        \n                                    <\/div>\n                                <\/div>\n                                <div class=\"price\">Free<\/div>\n                                <div class=\"bottom-sub\">\n                                                                            <div class=\"short-des\"><ul class=\"list-featured\">\n<li>5 listado Publicar<\/li>\n<li>Caducidad a los 30 d\u00edas<\/li>\n<li>Listado destacado<\/li>\n<li>Edita tu anuncio<\/li>\n<li>Soporte por correo electr\u00f3nico las 24 horas del d\u00eda, los 7 d\u00edas de la semana.<\/li>\n<\/ul>\n<\/div>\n                                                                        <div class=\"button-action\"><div class=\"add-cart\"><a href=\"\/negocios\/wp-json\/wp\/v2\/pages\/1552?add-to-cart=1657\" data-quantity=\"1\" class=\"button product_type_listing_package add_to_cart_button ajax_add_to_cart\" data-product_id=\"1657\" data-product_sku=\"\" aria-label=\"A\u00f1adir al carrito: &ldquo;Alta Gratuita&rdquo;\" rel=\"nofollow\" data-success_message=\"\u00abAlta Gratuita\u00bb se ha a\u00f1adido a tu carrito\" role=\"button\">A\u00f1adir al carrito<\/a><\/div><\/div>\n                                <\/div>\n                            <\/div>\n                        <\/div>  \n                                            <div class=\"item\">\n                            <div class=\"subwoo-inner \">\n                                <div class=\"header-sub\">\n                                    <div class=\"inner-sub\">\n                                                                                    <div class=\"icon-wrapper\">\n                                                <span class=\"fas fa-cog\"><\/span>\n                                            <\/div>\n                                            \n                                        <h3 class=\"title\">Professional<\/h3>\n                                        \n                                    <\/div>\n                                <\/div>\n                                <div class=\"price\"><span class=\"woocommerce-Price-amount amount\"><bdi>20,00&nbsp;<span class=\"woocommerce-Price-currencySymbol\">&euro;<\/span><\/bdi><\/span><\/div>\n                                <div class=\"bottom-sub\">\n                                                                            <div class=\"short-des\"><ul class=\"list-featured\">\n<li>10 listing Post<\/li>\n<li>30 days expiration<\/li>\n<li>Featured Listing<\/li>\n<li>Edit Your Listing<\/li>\n<li>24\/7 Email Support<\/li>\n<\/ul>\n<\/div>\n                                                                        <div class=\"button-action\"><div class=\"add-cart\"><a href=\"\/negocios\/wp-json\/wp\/v2\/pages\/1552?add-to-cart=283\" data-quantity=\"1\" class=\"button product_type_listing_package add_to_cart_button ajax_add_to_cart\" data-product_id=\"283\" data-product_sku=\"\" aria-label=\"A\u00f1adir al carrito: &ldquo;Professional&rdquo;\" rel=\"nofollow\" data-success_message=\"\u00abProfessional\u00bb se ha a\u00f1adido a tu carrito\" role=\"button\">A\u00f1adir al carrito<\/a><\/div><\/div>\n                                <\/div>\n                            <\/div>\n                        <\/div>  \n                                            <div class=\"item\">\n                            <div class=\"subwoo-inner highlight\">\n                                <div class=\"header-sub\">\n                                    <div class=\"inner-sub\">\n                                                                                    <div class=\"icon-wrapper\">\n                                                <span class=\"far fa-star\"><\/span>\n                                            <\/div>\n                                            \n                                        <h3 class=\"title\">Standard<\/h3>\n                                        \n                                    <\/div>\n                                <\/div>\n                                <div class=\"price\"><span class=\"woocommerce-Price-amount amount\"><bdi>50,00&nbsp;<span class=\"woocommerce-Price-currencySymbol\">&euro;<\/span><\/bdi><\/span><\/div>\n                                <div class=\"bottom-sub\">\n                                                                            <div class=\"short-des\"><ul class=\"list-featured\">\n<li>30 listing Post<\/li>\n<li>60 days expiration<\/li>\n<li>Featured Listing<\/li>\n<li>Edit Your Listing<\/li>\n<li>Prueba Como queda<\/li>\n<li>24\/7 Email Support<\/li>\n<\/ul>\n<\/div>\n                                                                        <div class=\"button-action\"><div class=\"add-cart\"><a href=\"\/negocios\/wp-json\/wp\/v2\/pages\/1552?add-to-cart=282\" data-quantity=\"1\" class=\"button product_type_listing_package add_to_cart_button ajax_add_to_cart\" data-product_id=\"282\" data-product_sku=\"\" aria-label=\"A\u00f1adir al carrito: &ldquo;Standard&rdquo;\" rel=\"nofollow\" data-success_message=\"\u00abStandard\u00bb se ha a\u00f1adido a tu carrito\" role=\"button\">A\u00f1adir al carrito<\/a><\/div><\/div>\n                                <\/div>\n                            <\/div>\n                        <\/div>  \n                                            <div class=\"item\">\n                            <div class=\"subwoo-inner \">\n                                <div class=\"header-sub\">\n                                    <div class=\"inner-sub\">\n                                                                                    <div class=\"icon-wrapper\">\n                                                <span class=\"fas fa-cube\"><\/span>\n                                            <\/div>\n                                            \n                                        <h3 class=\"title\">Premium<\/h3>\n                                        \n                                    <\/div>\n                                <\/div>\n                                <div class=\"price\"><span class=\"woocommerce-Price-amount amount\"><bdi>170,00&nbsp;<span class=\"woocommerce-Price-currencySymbol\">&euro;<\/span><\/bdi><\/span><\/div>\n                                <div class=\"bottom-sub\">\n                                                                            <div class=\"short-des\"><ul class=\"list-featured\">\n<li>Unlimited listing Post<\/li>\n<li>90 days expiration<\/li>\n<li>Featured Listing<\/li>\n<li>Edit Your Listing<\/li>\n<li>24\/7 Email Support<\/li>\n<\/ul>\n<\/div>\n                                                                        <div class=\"button-action\"><div class=\"add-cart\"><a href=\"\/negocios\/wp-json\/wp\/v2\/pages\/1552?add-to-cart=280\" data-quantity=\"1\" class=\"button product_type_listing_package add_to_cart_button ajax_add_to_cart\" data-product_id=\"280\" data-product_sku=\"\" aria-label=\"A\u00f1adir al carrito: &ldquo;Premium&rdquo;\" rel=\"nofollow\" data-success_message=\"\u00abPremium\u00bb se ha a\u00f1adido a tu carrito\" role=\"button\">A\u00f1adir al carrito<\/a><\/div><\/div>\n                                <\/div>\n                            <\/div>\n                        <\/div>  \n                                    <\/div>\n                                    <\/div>\n        \t\t\t\t<\/div>\n\t\t\t\t<\/div>\n\t\t\t\t\t<\/div>\n\t\t<\/div>\n\t\t\t\t\t<\/div>\n\t\t<\/section>\n\t\t\t\t<\/div>\n\t\t","protected":false},"excerpt":{"rendered":"<p>Professional &#36;20 10 listing Post 30 days expiration Featured Listing Edit Your Listing 24\/7 Email Support Add to cart Standard &#36;110 30 listing Post 60 days expiration Featured Listing Edit Your Listing 24\/7 Email Support Add to cart Premium &#36;170 Unlimited listing Post 90 days expiration Featured Listing Edit Your Listing 24\/7 Email Support Add [&hellip;]<\/p>\n","protected":false},"author":1,"featured_media":0,"parent":0,"menu_order":0,"comment_status":"closed","ping_status":"closed","template":"","meta":{"footnotes":""},"class_list":["post-1552","page","type-page","status-publish","hentry"],"yoast_head":"<!-- This site is optimized with the Yoast SEO plugin v27.3 - https:\/\/yoast.com\/product\/yoast-seo-wordpress\/ -->\n<title>Pricing - CERCADEMI<\/title>\n<meta name=\"robots\" content=\"index, follow, max-snippet:-1, max-image-preview:large, max-video-preview:-1\" \/>\n<link rel=\"canonical\" href=\"https:\/\/cercademi.eu\/negocios\/pricing\/\" \/>\n<meta property=\"og:locale\" content=\"es_ES\" \/>\n<meta property=\"og:type\" content=\"article\" \/>\n<meta property=\"og:title\" content=\"Pricing - CERCADEMI\" \/>\n<meta property=\"og:description\" content=\"Professional &#036;20 10 listing Post 30 days expiration Featured Listing Edit Your Listing 24\/7 Email Support Add to cart Standard &#036;110 30 listing Post 60 days expiration Featured Listing Edit Your Listing 24\/7 Email Support Add to cart Premium &#036;170 Unlimited listing Post 90 days expiration Featured Listing Edit Your Listing 24\/7 Email Support Add [&hellip;]\" \/>\n<meta property=\"og:url\" content=\"https:\/\/cercademi.eu\/negocios\/pricing\/\" \/>\n<meta property=\"og:site_name\" content=\"CERCADEMI\" \/>\n<meta name=\"twitter:card\" content=\"summary_large_image\" \/>\n<script type=\"application\/ld+json\" class=\"yoast-schema-graph\">{\"@context\":\"https:\\\/\\\/schema.org\",\"@graph\":[{\"@type\":\"WebPage\",\"@id\":\"https:\\\/\\\/cercademi.eu\\\/negocios\\\/pricing\\\/\",\"url\":\"https:\\\/\\\/cercademi.eu\\\/negocios\\\/pricing\\\/\",\"name\":\"Pricing - CERCADEMI\",\"isPartOf\":{\"@id\":\"https:\\\/\\\/cercademi.eu\\\/negocios\\\/#website\"},\"datePublished\":\"2020-01-07T06:59:35+00:00\",\"breadcrumb\":{\"@id\":\"https:\\\/\\\/cercademi.eu\\\/negocios\\\/pricing\\\/#breadcrumb\"},\"inLanguage\":\"es\",\"potentialAction\":[{\"@type\":\"ReadAction\",\"target\":[\"https:\\\/\\\/cercademi.eu\\\/negocios\\\/pricing\\\/\"]}]},{\"@type\":\"BreadcrumbList\",\"@id\":\"https:\\\/\\\/cercademi.eu\\\/negocios\\\/pricing\\\/#breadcrumb\",\"itemListElement\":[{\"@type\":\"ListItem\",\"position\":1,\"name\":\"Portada\",\"item\":\"https:\\\/\\\/cercademi.eu\\\/negocios\\\/\"},{\"@type\":\"ListItem\",\"position\":2,\"name\":\"Pricing\"}]},{\"@type\":\"WebSite\",\"@id\":\"https:\\\/\\\/cercademi.eu\\\/negocios\\\/#website\",\"url\":\"https:\\\/\\\/cercademi.eu\\\/negocios\\\/\",\"name\":\"CERCADEMI\",\"description\":\"Los Mejores Comercios de Cada Zona\",\"publisher\":{\"@id\":\"https:\\\/\\\/cercademi.eu\\\/negocios\\\/#organization\"},\"potentialAction\":[{\"@type\":\"SearchAction\",\"target\":{\"@type\":\"EntryPoint\",\"urlTemplate\":\"https:\\\/\\\/cercademi.eu\\\/negocios\\\/?s={search_term_string}\"},\"query-input\":{\"@type\":\"PropertyValueSpecification\",\"valueRequired\":true,\"valueName\":\"search_term_string\"}}],\"inLanguage\":\"es\"},{\"@type\":\"Organization\",\"@id\":\"https:\\\/\\\/cercademi.eu\\\/negocios\\\/#organization\",\"name\":\"CERCADEMI\",\"url\":\"https:\\\/\\\/cercademi.eu\\\/negocios\\\/\",\"logo\":{\"@type\":\"ImageObject\",\"inLanguage\":\"es\",\"@id\":\"https:\\\/\\\/cercademi.eu\\\/negocios\\\/#\\\/schema\\\/logo\\\/image\\\/\",\"url\":\"https:\\\/\\\/cercademi.eu\\\/negocios\\\/wp-content\\\/uploads\\\/2020\\\/01\\\/Logo-Rosa-y-rojo-512-x-512-px-150-x-150-px-12-e1752541900360.png\",\"contentUrl\":\"https:\\\/\\\/cercademi.eu\\\/negocios\\\/wp-content\\\/uploads\\\/2020\\\/01\\\/Logo-Rosa-y-rojo-512-x-512-px-150-x-150-px-12-e1752541900360.png\",\"width\":304,\"height\":95,\"caption\":\"CERCADEMI\"},\"image\":{\"@id\":\"https:\\\/\\\/cercademi.eu\\\/negocios\\\/#\\\/schema\\\/logo\\\/image\\\/\"},\"sameAs\":[\"https:\\\/\\\/www.instagram.com\\\/cercademi_eu\\\/\"]}]}<\/script>\n<!-- \/ Yoast SEO plugin. -->","yoast_head_json":{"title":"Pricing - CERCADEMI","robots":{"index":"index","follow":"follow","max-snippet":"max-snippet:-1","max-image-preview":"max-image-preview:large","max-video-preview":"max-video-preview:-1"},"canonical":"https:\/\/cercademi.eu\/negocios\/pricing\/","og_locale":"es_ES","og_type":"article","og_title":"Pricing - CERCADEMI","og_description":"Professional &#36;20 10 listing Post 30 days expiration Featured Listing Edit Your Listing 24\/7 Email Support Add to cart Standard &#36;110 30 listing Post 60 days expiration Featured Listing Edit Your Listing 24\/7 Email Support Add to cart Premium &#36;170 Unlimited listing Post 90 days expiration Featured Listing Edit Your Listing 24\/7 Email Support Add [&hellip;]","og_url":"https:\/\/cercademi.eu\/negocios\/pricing\/","og_site_name":"CERCADEMI","twitter_card":"summary_large_image","schema":{"@context":"https:\/\/schema.org","@graph":[{"@type":"WebPage","@id":"https:\/\/cercademi.eu\/negocios\/pricing\/","url":"https:\/\/cercademi.eu\/negocios\/pricing\/","name":"Pricing - CERCADEMI","isPartOf":{"@id":"https:\/\/cercademi.eu\/negocios\/#website"},"datePublished":"2020-01-07T06:59:35+00:00","breadcrumb":{"@id":"https:\/\/cercademi.eu\/negocios\/pricing\/#breadcrumb"},"inLanguage":"es","potentialAction":[{"@type":"ReadAction","target":["https:\/\/cercademi.eu\/negocios\/pricing\/"]}]},{"@type":"BreadcrumbList","@id":"https:\/\/cercademi.eu\/negocios\/pricing\/#breadcrumb","itemListElement":[{"@type":"ListItem","position":1,"name":"Portada","item":"https:\/\/cercademi.eu\/negocios\/"},{"@type":"ListItem","position":2,"name":"Pricing"}]},{"@type":"WebSite","@id":"https:\/\/cercademi.eu\/negocios\/#website","url":"https:\/\/cercademi.eu\/negocios\/","name":"CERCADEMI","description":"Los Mejores Comercios de Cada Zona","publisher":{"@id":"https:\/\/cercademi.eu\/negocios\/#organization"},"potentialAction":[{"@type":"SearchAction","target":{"@type":"EntryPoint","urlTemplate":"https:\/\/cercademi.eu\/negocios\/?s={search_term_string}"},"query-input":{"@type":"PropertyValueSpecification","valueRequired":true,"valueName":"search_term_string"}}],"inLanguage":"es"},{"@type":"Organization","@id":"https:\/\/cercademi.eu\/negocios\/#organization","name":"CERCADEMI","url":"https:\/\/cercademi.eu\/negocios\/","logo":{"@type":"ImageObject","inLanguage":"es","@id":"https:\/\/cercademi.eu\/negocios\/#\/schema\/logo\/image\/","url":"https:\/\/cercademi.eu\/negocios\/wp-content\/uploads\/2020\/01\/Logo-Rosa-y-rojo-512-x-512-px-150-x-150-px-12-e1752541900360.png","contentUrl":"https:\/\/cercademi.eu\/negocios\/wp-content\/uploads\/2020\/01\/Logo-Rosa-y-rojo-512-x-512-px-150-x-150-px-12-e1752541900360.png","width":304,"height":95,"caption":"CERCADEMI"},"image":{"@id":"https:\/\/cercademi.eu\/negocios\/#\/schema\/logo\/image\/"},"sameAs":["https:\/\/www.instagram.com\/cercademi_eu\/"]}]}},"_links":{"self":[{"href":"https:\/\/cercademi.eu\/negocios\/wp-json\/wp\/v2\/pages\/1552","targetHints":{"allow":["GET"]}}],"collection":[{"href":"https:\/\/cercademi.eu\/negocios\/wp-json\/wp\/v2\/pages"}],"about":[{"href":"https:\/\/cercademi.eu\/negocios\/wp-json\/wp\/v2\/types\/page"}],"author":[{"embeddable":true,"href":"https:\/\/cercademi.eu\/negocios\/wp-json\/wp\/v2\/users\/1"}],"replies":[{"embeddable":true,"href":"https:\/\/cercademi.eu\/negocios\/wp-json\/wp\/v2\/comments?post=1552"}],"version-history":[{"count":0,"href":"https:\/\/cercademi.eu\/negocios\/wp-json\/wp\/v2\/pages\/1552\/revisions"}],"wp:attachment":[{"href":"https:\/\/cercademi.eu\/negocios\/wp-json\/wp\/v2\/media?parent=1552"}],"curies":[{"name":"wp","href":"https:\/\/api.w.org\/{rel}","templated":true}]}}