{"id":1657,"date":"2025-07-15T04:28:22","date_gmt":"2025-07-15T02:28:22","guid":{"rendered":"https:\/\/cercademi.eu\/negocios\/?post_type=product&#038;p=1657"},"modified":"2025-07-15T04:28:23","modified_gmt":"2025-07-15T02:28:23","slug":"alta-gratuita","status":"publish","type":"product","link":"https:\/\/cercademi.eu\/negocios\/producto\/alta-gratuita\/","title":{"rendered":"Alta Gratuita"},"content":{"rendered":"","protected":false},"excerpt":{"rendered":"<ul class=\"list-featured\">\n<li>5 listado Publicar<\/li>\n<li>Caducidad a los 30 d\u00edas<\/li>\n<li>Listado destacado<\/li>\n<li>Edita tu anuncio<\/li>\n<li>Soporte por correo electr\u00f3nico las 24 horas del d\u00eda, los 7 d\u00edas de la semana.<\/li>\n<\/ul>\n","protected":false},"featured_media":0,"comment_status":"open","ping_status":"closed","template":"","meta":[],"product_brand":[],"product_cat":[15],"product_tag":[],"class_list":{"0":"post-1657","1":"product","2":"type-product","3":"status-publish","5":"product_cat-sin-categorizar","7":"first","8":"instock","9":"virtual","10":"sold-individually","11":"purchasable","12":"product-type-listing_package"},"yoast_head":"<!-- This site is optimized with the Yoast SEO plugin v27.3 - https:\/\/yoast.com\/product\/yoast-seo-wordpress\/ -->\n<title>Alta Gratuita - CERCADEMI<\/title>\n<meta name=\"robots\" content=\"index, follow, max-snippet:-1, max-image-preview:large, max-video-preview:-1\" \/>\n<link rel=\"canonical\" href=\"https:\/\/cercademi.eu\/negocios\/producto\/alta-gratuita\/\" \/>\n<meta property=\"og:locale\" content=\"es_ES\" \/>\n<meta property=\"og:type\" content=\"article\" \/>\n<meta property=\"og:title\" content=\"Alta Gratuita - CERCADEMI\" \/>\n<meta property=\"og:description\" content=\"5 listado Publicar  Caducidad a los 30 d\u00edas  Listado destacado  Edita tu anuncio  Soporte por correo electr\u00f3nico las 24 horas del d\u00eda, los 7 d\u00edas de la semana.\" \/>\n<meta property=\"og:url\" content=\"https:\/\/cercademi.eu\/negocios\/producto\/alta-gratuita\/\" \/>\n<meta property=\"og:site_name\" content=\"CERCADEMI\" \/>\n<meta property=\"article:modified_time\" content=\"2025-07-15T02:28:23+00:00\" \/>\n<meta name=\"twitter:card\" content=\"summary_large_image\" \/>\n<script type=\"application\/ld+json\" class=\"yoast-schema-graph\">{\"@context\":\"https:\\\/\\\/schema.org\",\"@graph\":[{\"@type\":\"WebPage\",\"@id\":\"https:\\\/\\\/cercademi.eu\\\/negocios\\\/producto\\\/alta-gratuita\\\/\",\"url\":\"https:\\\/\\\/cercademi.eu\\\/negocios\\\/producto\\\/alta-gratuita\\\/\",\"name\":\"Alta Gratuita - CERCADEMI\",\"isPartOf\":{\"@id\":\"https:\\\/\\\/cercademi.eu\\\/negocios\\\/#website\"},\"datePublished\":\"2025-07-15T02:28:22+00:00\",\"dateModified\":\"2025-07-15T02:28:23+00:00\",\"breadcrumb\":{\"@id\":\"https:\\\/\\\/cercademi.eu\\\/negocios\\\/producto\\\/alta-gratuita\\\/#breadcrumb\"},\"inLanguage\":\"es\",\"potentialAction\":[{\"@type\":\"ReadAction\",\"target\":[\"https:\\\/\\\/cercademi.eu\\\/negocios\\\/producto\\\/alta-gratuita\\\/\"]}]},{\"@type\":\"BreadcrumbList\",\"@id\":\"https:\\\/\\\/cercademi.eu\\\/negocios\\\/producto\\\/alta-gratuita\\\/#breadcrumb\",\"itemListElement\":[{\"@type\":\"ListItem\",\"position\":1,\"name\":\"Portada\",\"item\":\"https:\\\/\\\/cercademi.eu\\\/negocios\\\/\"},{\"@type\":\"ListItem\",\"position\":2,\"name\":\"Shop\",\"item\":\"https:\\\/\\\/cercademi.eu\\\/negocios\\\/shop\\\/\"},{\"@type\":\"ListItem\",\"position\":3,\"name\":\"Alta Gratuita\"}]},{\"@type\":\"WebSite\",\"@id\":\"https:\\\/\\\/cercademi.eu\\\/negocios\\\/#website\",\"url\":\"https:\\\/\\\/cercademi.eu\\\/negocios\\\/\",\"name\":\"CERCADEMI\",\"description\":\"Los Mejores Comercios de Cada Zona\",\"publisher\":{\"@id\":\"https:\\\/\\\/cercademi.eu\\\/negocios\\\/#organization\"},\"potentialAction\":[{\"@type\":\"SearchAction\",\"target\":{\"@type\":\"EntryPoint\",\"urlTemplate\":\"https:\\\/\\\/cercademi.eu\\\/negocios\\\/?s={search_term_string}\"},\"query-input\":{\"@type\":\"PropertyValueSpecification\",\"valueRequired\":true,\"valueName\":\"search_term_string\"}}],\"inLanguage\":\"es\"},{\"@type\":\"Organization\",\"@id\":\"https:\\\/\\\/cercademi.eu\\\/negocios\\\/#organization\",\"name\":\"CERCADEMI\",\"url\":\"https:\\\/\\\/cercademi.eu\\\/negocios\\\/\",\"logo\":{\"@type\":\"ImageObject\",\"inLanguage\":\"es\",\"@id\":\"https:\\\/\\\/cercademi.eu\\\/negocios\\\/#\\\/schema\\\/logo\\\/image\\\/\",\"url\":\"https:\\\/\\\/cercademi.eu\\\/negocios\\\/wp-content\\\/uploads\\\/2020\\\/01\\\/Logo-Rosa-y-rojo-512-x-512-px-150-x-150-px-12-e1752541900360.png\",\"contentUrl\":\"https:\\\/\\\/cercademi.eu\\\/negocios\\\/wp-content\\\/uploads\\\/2020\\\/01\\\/Logo-Rosa-y-rojo-512-x-512-px-150-x-150-px-12-e1752541900360.png\",\"width\":304,\"height\":95,\"caption\":\"CERCADEMI\"},\"image\":{\"@id\":\"https:\\\/\\\/cercademi.eu\\\/negocios\\\/#\\\/schema\\\/logo\\\/image\\\/\"},\"sameAs\":[\"https:\\\/\\\/www.instagram.com\\\/cercademi_eu\\\/\"]}]}<\/script>\n<!-- \/ Yoast SEO plugin. -->","yoast_head_json":{"title":"Alta Gratuita - CERCADEMI","robots":{"index":"index","follow":"follow","max-snippet":"max-snippet:-1","max-image-preview":"max-image-preview:large","max-video-preview":"max-video-preview:-1"},"canonical":"https:\/\/cercademi.eu\/negocios\/producto\/alta-gratuita\/","og_locale":"es_ES","og_type":"article","og_title":"Alta Gratuita - CERCADEMI","og_description":"5 listado Publicar  Caducidad a los 30 d\u00edas  Listado destacado  Edita tu anuncio  Soporte por correo electr\u00f3nico las 24 horas del d\u00eda, los 7 d\u00edas de la semana.","og_url":"https:\/\/cercademi.eu\/negocios\/producto\/alta-gratuita\/","og_site_name":"CERCADEMI","article_modified_time":"2025-07-15T02:28:23+00:00","twitter_card":"summary_large_image","schema":{"@context":"https:\/\/schema.org","@graph":[{"@type":"WebPage","@id":"https:\/\/cercademi.eu\/negocios\/producto\/alta-gratuita\/","url":"https:\/\/cercademi.eu\/negocios\/producto\/alta-gratuita\/","name":"Alta Gratuita - CERCADEMI","isPartOf":{"@id":"https:\/\/cercademi.eu\/negocios\/#website"},"datePublished":"2025-07-15T02:28:22+00:00","dateModified":"2025-07-15T02:28:23+00:00","breadcrumb":{"@id":"https:\/\/cercademi.eu\/negocios\/producto\/alta-gratuita\/#breadcrumb"},"inLanguage":"es","potentialAction":[{"@type":"ReadAction","target":["https:\/\/cercademi.eu\/negocios\/producto\/alta-gratuita\/"]}]},{"@type":"BreadcrumbList","@id":"https:\/\/cercademi.eu\/negocios\/producto\/alta-gratuita\/#breadcrumb","itemListElement":[{"@type":"ListItem","position":1,"name":"Portada","item":"https:\/\/cercademi.eu\/negocios\/"},{"@type":"ListItem","position":2,"name":"Shop","item":"https:\/\/cercademi.eu\/negocios\/shop\/"},{"@type":"ListItem","position":3,"name":"Alta Gratuita"}]},{"@type":"WebSite","@id":"https:\/\/cercademi.eu\/negocios\/#website","url":"https:\/\/cercademi.eu\/negocios\/","name":"CERCADEMI","description":"Los Mejores Comercios de Cada Zona","publisher":{"@id":"https:\/\/cercademi.eu\/negocios\/#organization"},"potentialAction":[{"@type":"SearchAction","target":{"@type":"EntryPoint","urlTemplate":"https:\/\/cercademi.eu\/negocios\/?s={search_term_string}"},"query-input":{"@type":"PropertyValueSpecification","valueRequired":true,"valueName":"search_term_string"}}],"inLanguage":"es"},{"@type":"Organization","@id":"https:\/\/cercademi.eu\/negocios\/#organization","name":"CERCADEMI","url":"https:\/\/cercademi.eu\/negocios\/","logo":{"@type":"ImageObject","inLanguage":"es","@id":"https:\/\/cercademi.eu\/negocios\/#\/schema\/logo\/image\/","url":"https:\/\/cercademi.eu\/negocios\/wp-content\/uploads\/2020\/01\/Logo-Rosa-y-rojo-512-x-512-px-150-x-150-px-12-e1752541900360.png","contentUrl":"https:\/\/cercademi.eu\/negocios\/wp-content\/uploads\/2020\/01\/Logo-Rosa-y-rojo-512-x-512-px-150-x-150-px-12-e1752541900360.png","width":304,"height":95,"caption":"CERCADEMI"},"image":{"@id":"https:\/\/cercademi.eu\/negocios\/#\/schema\/logo\/image\/"},"sameAs":["https:\/\/www.instagram.com\/cercademi_eu\/"]}]}},"_links":{"self":[{"href":"https:\/\/cercademi.eu\/negocios\/wp-json\/wp\/v2\/product\/1657","targetHints":{"allow":["GET"]}}],"collection":[{"href":"https:\/\/cercademi.eu\/negocios\/wp-json\/wp\/v2\/product"}],"about":[{"href":"https:\/\/cercademi.eu\/negocios\/wp-json\/wp\/v2\/types\/product"}],"replies":[{"embeddable":true,"href":"https:\/\/cercademi.eu\/negocios\/wp-json\/wp\/v2\/comments?post=1657"}],"wp:attachment":[{"href":"https:\/\/cercademi.eu\/negocios\/wp-json\/wp\/v2\/media?parent=1657"}],"wp:term":[{"taxonomy":"product_brand","embeddable":true,"href":"https:\/\/cercademi.eu\/negocios\/wp-json\/wp\/v2\/product_brand?post=1657"},{"taxonomy":"product_cat","embeddable":true,"href":"https:\/\/cercademi.eu\/negocios\/wp-json\/wp\/v2\/product_cat?post=1657"},{"taxonomy":"product_tag","embeddable":true,"href":"https:\/\/cercademi.eu\/negocios\/wp-json\/wp\/v2\/product_tag?post=1657"}],"curies":[{"name":"wp","href":"https:\/\/api.w.org\/{rel}","templated":true}]}}